{"id":583520,"date":"2025-07-01T10:04:44","date_gmt":"2025-07-01T10:04:44","guid":{"rendered":"https:\/\/world-schools.com\/?page_id=583520"},"modified":"2025-07-01T10:05:17","modified_gmt":"2025-07-01T10:05:17","slug":"about-the-author","status":"publish","type":"page","link":"https:\/\/world-schools.com\/tr\/about-the-author\/","title":{"rendered":"Yazar Hakk\u0131nda"},"content":{"rendered":"<div data-elementor-type=\"wp-page\" data-elementor-id=\"583520\" class=\"elementor elementor-583520\" data-elementor-post-type=\"page\">\n\t\t\t\t<div class=\"elementor-element elementor-element-7d8427b e-flex e-con-boxed e-con e-parent\" data-id=\"7d8427b\" data-element_type=\"container\" data-e-type=\"container\">\n\t\t\t\t\t<div class=\"e-con-inner\">\n\t\t\t\t<div class=\"elementor-element elementor-element-d10521a elementor-widget elementor-widget-heading\" data-id=\"d10521a\" data-element_type=\"widget\" data-e-type=\"widget\" data-widget_type=\"heading.default\">\n\t\t\t\t<div class=\"elementor-widget-container\">\n\t\t\t\t\t<h1 class=\"elementor-heading-title elementor-size-default\">Yazar Hakk\u0131nda<\/h1>\t\t\t\t<\/div>\n\t\t\t\t<\/div>\n\t\t\t\t<div class=\"elementor-element elementor-element-775354c elementor-widget elementor-widget-text-editor\" data-id=\"775354c\" data-element_type=\"widget\" data-e-type=\"widget\" data-widget_type=\"text-editor.default\">\n\t\t\t\t<div class=\"elementor-widget-container\">\n\t\t\t\t\t\t\t\t\t<p><strong>Stephanie Peipers<\/strong> kurucu orta\u011f\u0131d\u0131r <a href=\"https:\/\/world-camps.org\" target=\"_blank\" rel=\"noopener\"><span style=\"text-decoration: underline;\">D\u00fcnya Kamplar\u0131<\/span><\/a> Ve <a href=\"https:\/\/world-schools.com\/tr\/\"><span style=\"text-decoration: underline;\">D\u00fcnya Okullar\u0131<\/span><\/a>2010 y\u0131l\u0131ndan bu yana k\u00fcresel e\u011fitim ve kamp sekt\u00f6r\u00fcnde faaliyet g\u00f6steriyor ve ailelerin d\u00fcnya \u00e7ap\u0131nda y\u00fcksek kaliteli uluslararas\u0131 okullar ve yaz kamplar\u0131 ke\u015ffetmelerine yard\u0131mc\u0131 oluyor.<\/p><p>Stephanie, yat\u0131l\u0131 okullar ve yat\u0131l\u0131 kamplar gibi s\u00fcr\u00fckleyici ve geli\u015fimsel ortamlara \u00f6zel \u00f6nem vererek, ebeveynlere \u00e7ocuklar\u0131 i\u00e7in e\u011fitim ve ders d\u0131\u015f\u0131 se\u00e7enekler konusunda on y\u0131l\u0131 a\u015fk\u0131n deneyime sahiptir. Sekt\u00f6re dair derin bilgisi, ki\u015fisel ziyaretlerine, ara\u015ft\u0131rmalar\u0131na ve k\u0131talar genelindeki \u00f6nde gelen kurumlarla devam eden i\u015f birliklerine dayanmaktad\u0131r.<\/p><p>Stephanie, eski kamp y\u00f6neticisi ve kurucu ortaklar\u0131ndan biri olan e\u015fiyle birlikte, World Camps'i b\u00fcy\u00fcme, \u00f6zg\u00fcven ve \u00f6m\u00fcr boyu s\u00fcrecek dostluklar i\u00e7in ilham veren kamplar\u0131 ke\u015ffetmek i\u00e7in g\u00fcvenilir bir platforma d\u00f6n\u00fc\u015ft\u00fcrd\u00fc.<\/p><p>Stephanie ad\u0131 alt\u0131nda yay\u0131nlanan t\u00fcm makaleler ba\u011f\u0131ms\u0131z olarak ara\u015ft\u0131r\u0131lm\u0131\u015f, edit\u00f6rler taraf\u0131ndan incelenmi\u015f ve <a href=\"\/tr\/editorial-standards\/\">editoryal standartlar<\/a>.<\/p>\t\t\t\t\t\t\t\t<\/div>\n\t\t\t\t<\/div>\n\t\t\t\t\t<\/div>\n\t\t\t\t<\/div>\n\t\t\t\t<\/div>","protected":false},"excerpt":{"rendered":"<p>About the Author Stephanie Peipers is the co-founder of World Camps and World Schools. She has been active in the global education and camp industry since 2010, helping families discover high-quality international schools and summer camps worldwide. Stephanie has over a decade of experience advising parents on educational and extracurricular choices for their children, with [&hellip;]<\/p>\n","protected":false},"author":2,"featured_media":0,"parent":0,"menu_order":0,"comment_status":"closed","ping_status":"closed","template":"","meta":{"content-type":"","inline_featured_image":false,"site-sidebar-layout":"no-sidebar","site-content-layout":"page-builder","ast-site-content-layout":"full-width-container","site-content-style":"default","site-sidebar-style":"default","ast-global-header-display":"","ast-banner-title-visibility":"","ast-main-header-display":"","ast-hfb-above-header-display":"","ast-hfb-below-header-display":"","ast-hfb-mobile-header-display":"","site-post-title":"disabled","ast-breadcrumbs-content":"","ast-featured-img":"disabled","footer-sml-layout":"","ast-disable-related-posts":"","theme-transparent-header-meta":"default","adv-header-id-meta":"","stick-header-meta":"","header-above-stick-meta":"","header-main-stick-meta":"","header-below-stick-meta":"","astra-migrate-meta-layouts":"set","ast-page-background-enabled":"default","ast-page-background-meta":{"desktop":{"background-color":"","background-image":"","background-repeat":"repeat","background-position":"center center","background-size":"auto","background-attachment":"scroll","background-type":"","background-media":"","overlay-type":"","overlay-color":"","overlay-opacity":"","overlay-gradient":""},"tablet":{"background-color":"","background-image":"","background-repeat":"repeat","background-position":"center center","background-size":"auto","background-attachment":"scroll","background-type":"","background-media":"","overlay-type":"","overlay-color":"","overlay-opacity":"","overlay-gradient":""},"mobile":{"background-color":"","background-image":"","background-repeat":"repeat","background-position":"center center","background-size":"auto","background-attachment":"scroll","background-type":"","background-media":"","overlay-type":"","overlay-color":"","overlay-opacity":"","overlay-gradient":""}},"ast-content-background-meta":{"desktop":{"background-color":"var(--ast-global-color-5)","background-image":"","background-repeat":"repeat","background-position":"center center","background-size":"auto","background-attachment":"scroll","background-type":"","background-media":"","overlay-type":"","overlay-color":"","overlay-opacity":"","overlay-gradient":""},"tablet":{"background-color":"var(--ast-global-color-5)","background-image":"","background-repeat":"repeat","background-position":"center center","background-size":"auto","background-attachment":"scroll","background-type":"","background-media":"","overlay-type":"","overlay-color":"","overlay-opacity":"","overlay-gradient":""},"mobile":{"background-color":"var(--ast-global-color-5)","background-image":"","background-repeat":"repeat","background-position":"center center","background-size":"auto","background-attachment":"scroll","background-type":"","background-media":"","overlay-type":"","overlay-color":"","overlay-opacity":"","overlay-gradient":""}},"_jf_save_progress":"","footnotes":""},"schema":[],"class_list":["post-583520","page","type-page","status-publish","hentry"],"_links":{"self":[{"href":"https:\/\/world-schools.com\/tr\/wp-json\/wp\/v2\/pages\/583520","targetHints":{"allow":["GET"]}}],"collection":[{"href":"https:\/\/world-schools.com\/tr\/wp-json\/wp\/v2\/pages"}],"about":[{"href":"https:\/\/world-schools.com\/tr\/wp-json\/wp\/v2\/types\/page"}],"author":[{"embeddable":true,"href":"https:\/\/world-schools.com\/tr\/wp-json\/wp\/v2\/users\/2"}],"replies":[{"embeddable":true,"href":"https:\/\/world-schools.com\/tr\/wp-json\/wp\/v2\/comments?post=583520"}],"version-history":[{"count":0,"href":"https:\/\/world-schools.com\/tr\/wp-json\/wp\/v2\/pages\/583520\/revisions"}],"wp:attachment":[{"href":"https:\/\/world-schools.com\/tr\/wp-json\/wp\/v2\/media?parent=583520"}],"wp:term":[{"taxonomy":"schema","embeddable":true,"href":"https:\/\/world-schools.com\/tr\/wp-json\/wp\/v2\/schema?post=583520"}],"curies":[{"name":"wp","href":"https:\/\/api.w.org\/{rel}","templated":true}]}}