{"id":573128,"date":"2025-01-25T11:05:36","date_gmt":"2025-01-25T11:05:36","guid":{"rendered":"http:\/\/Happy"},"modified":"2025-08-22T07:21:28","modified_gmt":"2025-08-22T07:21:28","slug":"terms-of-use","status":"publish","type":"page","link":"https:\/\/world-schools.com\/tr\/terms-of-use\/","title":{"rendered":"Kullan\u0131m Ko\u015fullar\u0131"},"content":{"rendered":"<p><strong>Y\u00fcr\u00fcrl\u00fck tarihi:<\/strong> 22 A\u011fustos 2025<br \/>\n<strong>Son g\u00fcncelleme:<\/strong> 22 A\u011fustos 2025<\/p>\n<h2>1. Biz kimiz<\/h2>\n<p>D\u00fcnya Okullar\u0131 (\u201cHizmet\u201d) taraf\u0131ndan i\u015fletilmektedir <strong>D\u00fcnya Okullar\u0131<\/strong>, Route de la Bernadaz 5A, 1094 Paudex, \u0130svi\u00e7re. \u0130leti\u015fim: <a><strong>info@world-schools.com<\/strong><\/a>.<\/p>\n<h2>2. Ne yap\u0131yoruz<\/h2>\n<p>World Schools, ailelerin okullar\u0131 ke\u015ffetmelerine yard\u0131mc\u0131 olan bir dizin ve i\u00e7erik platformudur. Kullan\u0131c\u0131lar, e-posta yoluyla se\u00e7ili okullara iletti\u011fimiz talep formlar\u0131n\u0131 g\u00f6nderebilirler. Biz bir okul de\u011filiz ve kabul veya sonu\u00e7lar\u0131 garanti etmiyoruz. Sitedeki bilgiler okullardan veya \u00fc\u00e7\u00fcnc\u00fc taraflardan gelebilir.<\/p>\n<h2>3. Uygunluk<\/h2>\n<p>Sen olmal\u0131s\u0131n <strong>13 ya\u015f ve \u00fczeri<\/strong> Hizmeti kullanmak i\u00e7in. Bulundu\u011funuz yerdeki re\u015fit olma ya\u015f\u0131 ile 13 aras\u0131ndaysan\u0131z, bir ebeveyn\/vasinin onay\u0131na sahip olman\u0131z gerekmektedir. 13 ya\u015f\u0131n alt\u0131ndakilerin hesap olu\u015fturmas\u0131na bilerek izin vermiyoruz.<\/p>\n<h2>4. Hesab\u0131n\u0131z ve silinmesi<\/h2>\n<p>Baz\u0131 \u00f6zellikler bir hesap gerektirebilir. Kimlik bilgilerinizin g\u00fcvenli\u011fini sa\u011flamaktan ve hesab\u0131n\u0131zdaki etkinliklerden siz sorumlusunuz. \u0130stedi\u011finiz zaman silme talebinde bulunabilirsiniz. <a><strong>https:\/\/world-schools.com\/dashboard\/delete-account\/<\/strong><\/a>Belirli kay\u0131tlar\u0131 saklamam\u0131z yasal olarak zorunlu olmad\u0131\u011f\u0131 s\u00fcrece, hesab\u0131n\u0131z silinmek \u00fczere planlanacakt\u0131r. <strong>30 g\u00fcnl\u00fck \u00f6demesiz d\u00f6nem<\/strong>Bu s\u00fcre zarf\u0131nda, size e-postayla g\u00f6nderdi\u011fimiz ba\u011flant\u0131 \u00fczerinden iste\u011finizi geri alabilirsiniz. Yedeklemeler, silme i\u015flemi tamamland\u0131ktan sonraki 30 g\u00fcn i\u00e7inde temizlenir.<\/p>\n<h2>5. Okullara yap\u0131lan soru\u015fturmalar<\/h2>\n<p>Bir talep formu g\u00f6nderdi\u011finizde, formu se\u00e7ti\u011finiz okula iletiyoruz. Bu noktadan itibaren okul, <strong>ba\u011f\u0131ms\u0131z veri denetleyicisi<\/strong> Bu sorgulama i\u00e7in sizinle do\u011frudan e-posta veya telefon yoluyla ileti\u015fime ge\u00e7ebiliriz. Okulla olan ileti\u015fiminizin bir par\u00e7as\u0131 de\u011filiz ve bu ileti\u015fimlerden sorumlu de\u011filiz.<\/p>\n<h2>6. \u0130ncelemeler ve kullan\u0131c\u0131 i\u00e7eri\u011fi<\/h2>\n<p>Hesap olu\u015fturmadan yorum g\u00f6nderebilirsiniz. Sayg\u0131l\u0131 ve yasal i\u00e7erik talep ediyor ve nefret dolu, taciz edici, iftira niteli\u011finde veya ihlal edici materyalleri yasakl\u0131yoruz. Yorumlar <strong>insan denetimli<\/strong> ve genel olarak g\u00f6zden ge\u00e7irilmi\u015f <strong>7 g\u00fcn<\/strong>. \u0130\u00e7eri\u011fi kendi takdirimize ba\u011fl\u0131 olarak formata g\u00f6re d\u00fczenleyebilir (\u00f6rne\u011fin, ki\u015fisel verileri kald\u0131rmak i\u00e7in), reddedebilir veya kald\u0131rabiliriz. Bize <strong>d\u00fcnya \u00e7ap\u0131nda, m\u00fcnhas\u0131r olmayan, telifsiz lisans<\/strong> \u0130ncelemelerinizi yaln\u0131zca Hizmeti i\u015fletmek ve tan\u0131tmak amac\u0131yla bar\u0131nd\u0131rmak, \u00e7o\u011faltmak, g\u00f6r\u00fcnt\u00fclemek ve tan\u0131tmak. \u0130stedi\u011finiz zaman e-posta g\u00f6ndererek kald\u0131rma talebinde bulunabilirsiniz. <a><strong>info@world-schools.com<\/strong><\/a>.<\/p>\n<h2>7. Kabul edilebilir kullan\u0131m<\/h2>\n<p>(a) yasay\u0131 \u00e7i\u011fnememeyi; (b) fikri m\u00fclkiyet veya gizlilik haklar\u0131n\u0131 ihlal etmemeyi; (c) taciz etmemeyi, k\u00f6t\u00fcye kullanmamay\u0131 veya ayr\u0131mc\u0131l\u0131k yapmamay\u0131; (d) k\u00f6t\u00fc ama\u00e7l\u0131 yaz\u0131l\u0131m y\u00fcklememeyi; (e) g\u00fcvenli\u011fi a\u015fmaya veya kamuya a\u00e7\u0131k olmayan alanlara eri\u015fmeye \u00e7al\u0131\u015fmamay\u0131; (f) yaz\u0131l\u0131 iznimiz olmadan dizini veya i\u00e7eri\u011fi taramay\u0131, toplamay\u0131 veya toplu olarak d\u0131\u015fa aktarmamay\u0131; (g) Hizmeti istenmeyen mesajlar g\u00f6ndermek i\u00e7in kullanmamay\u0131 kabul edersiniz.<\/p>\n<h2>8. Fikri m\u00fclkiyet<\/h2>\n<p>Hizmet ve metin, grafik ve ticari markalar dahil olmak \u00fczere i\u00e7eri\u011fi bize ve lisans verenlerimize aittir. Okullar, logo ve medyalar\u0131n\u0131n m\u00fclkiyetini elinde tutar, ancak bunlar\u0131 Hizmette ve pazarlama kanallar\u0131m\u0131zda bar\u0131nd\u0131rma, \u00e7o\u011faltma, k\u0131rpma\/yeniden boyutland\u0131rma ve g\u00f6r\u00fcnt\u00fcleme konusunda gerekli lisans\u0131 bize verir. \u0130\u00e7eri\u011fin haklar\u0131n\u0131z\u0131 ihlal etti\u011fini d\u00fc\u015f\u00fcn\u00fcyorsan\u0131z, l\u00fctfen bizimle ileti\u015fime ge\u00e7in. <a><strong>info@world-schools.com<\/strong><\/a> ve hemen inceleyece\u011fiz.<\/p>\n<h2>9. \u00dc\u00e7\u00fcnc\u00fc taraf ba\u011flant\u0131lar\u0131 ve hizmetleri<\/h2>\n<p>Hizmet, \u00fc\u00e7\u00fcnc\u00fc taraf sitelere veya hizmetlere (okullar dahil) ba\u011flant\u0131 verebilir. Bunlar\u0131 kontrol etmiyoruz ve i\u00e7eriklerinden veya politikalar\u0131ndan sorumlu de\u011filiz.<\/p>\n<h2>10. Sorumluluk Reddi Beyanlar\u0131<\/h2>\n<p>Hizmet sa\u011flan\u0131r <strong>\"oldu\u011fu gibi\"<\/strong> Ve <strong>\"mevcut oldu\u011fu s\u00fcrece\"<\/strong>Yasalar\u0131n izin verdi\u011fi azami \u00f6l\u00e7\u00fcde, sat\u0131labilirlik, belirli bir amaca uygunluk ve ihlal edilmeme garantilerini reddediyoruz. Okul bilgilerinin do\u011frulu\u011funu, kontenjanlar\u0131n mevcudiyetini veya herhangi bir sonucu garanti etmiyoruz.<\/p>\n<h2>11. Sorumlulu\u011fun s\u0131n\u0131rland\u0131r\u0131lmas\u0131<\/h2>\n<p>Yasan\u0131n izin verdi\u011fi azami \u00f6l\u00e7\u00fcde, Hizmeti kullan\u0131m\u0131n\u0131zdan kaynaklanan veya bununla ba\u011flant\u0131l\u0131 dolayl\u0131, tesad\u00fcfi, \u00f6zel, sonu\u00e7sal veya cezai zararlardan veya k\u00e2r, veri veya itibar kayb\u0131ndan sorumlu de\u011filiz. Bu \u015eartlar'da yer alan hi\u00e7bir h\u00fck\u00fcm, y\u00fcr\u00fcrl\u00fckteki yasalar uyar\u0131nca s\u0131n\u0131rland\u0131r\u0131lamayan sorumlulu\u011fu s\u0131n\u0131rlamaz.<\/p>\n<h2>12. Hizmetteki De\u011fi\u015fiklikler<\/h2>\n<p>\u00d6zellikleri istedi\u011fimiz zaman de\u011fi\u015ftirebilir veya durdurabiliriz. De\u011fi\u015fikliklerin kullan\u0131c\u0131lar\u0131 \u00f6nemli \u00f6l\u00e7\u00fcde etkilemesi durumunda, makul bir bildirimde bulunaca\u011f\u0131z.<\/p>\n<h2>13. Fesih<\/h2>\n<p>Bu \u015eartlar\u0131 ihlal etmeniz veya operasyonel, g\u00fcvenlik veya yasal nedenlerle eri\u015fiminizi ask\u0131ya alabilir veya sonland\u0131rabiliriz. Hizmeti kullanmay\u0131 istedi\u011finiz zaman b\u0131rakabilir ve yukar\u0131da a\u00e7\u0131kland\u0131\u011f\u0131 gibi hesab\u0131n\u0131z\u0131n silinmesini talep edebilirsiniz.<\/p>\n<h2>14. Ge\u00e7erli hukuk ve yarg\u0131 yeri<\/h2>\n<p>Bu \u015eartlar ve her t\u00fcrl\u00fc anla\u015fmazl\u0131k veya talep (s\u00f6zle\u015fmesel olmayanlar dahil) a\u015fa\u011f\u0131dakilere tabidir: <strong>\u0130svi\u00e7re hukuku<\/strong>. M\u00fcnhas\u0131r yarg\u0131 yeri, <strong>Vaud Kantonu mahkemeleri<\/strong>, ikamet etti\u011finiz \u00fclkede ge\u00e7erli olan zorunlu t\u00fcketici korumalar\u0131na tabidir.<\/p>\n<h2>15. Bu \u015eartlarda Yap\u0131lan De\u011fi\u015fiklikler<\/h2>\n<p>Bu \u015eartlar\u0131 zaman zaman g\u00fcncelleyebiliriz. \u00d6nemli de\u011fi\u015fiklikler i\u00e7in, <strong>14 g\u00fcnl\u00fck bildirim<\/strong> (\u00f6rne\u011fin, afi\u015f veya e-posta) yeni \u015fartlar y\u00fcr\u00fcrl\u00fc\u011fe girmeden \u00f6nce. Y\u00fcr\u00fcrl\u00fck tarihinden sonra kullanmaya devam etmeniz, de\u011fi\u015fiklikleri kabul etti\u011finiz anlam\u0131na gelir.<\/p>","protected":false},"excerpt":{"rendered":"<p>Effective date: 22 August 2025 Last updated: 22 August 2025 1. Who we are World Schools (the \u201cService\u201d) is operated by World Schools, Route de la Bernadaz 5A, 1094 Paudex, Switzerland. Contact: info@world-schools.com. 2. What we do World Schools is a directory and content platform to help families discover schools. Users may submit enquiry forms [&hellip;]<\/p>\n","protected":false},"author":2,"featured_media":0,"parent":0,"menu_order":0,"comment_status":"closed","ping_status":"closed","template":"","meta":{"content-type":"","inline_featured_image":false,"site-sidebar-layout":"default","site-content-layout":"default","ast-site-content-layout":"default","site-content-style":"default","site-sidebar-style":"default","ast-global-header-display":"","ast-banner-title-visibility":"","ast-main-header-display":"","ast-hfb-above-header-display":"","ast-hfb-below-header-display":"","ast-hfb-mobile-header-display":"","site-post-title":"","ast-breadcrumbs-content":"","ast-featured-img":"","footer-sml-layout":"","ast-disable-related-posts":"","theme-transparent-header-meta":"default","adv-header-id-meta":"","stick-header-meta":"default","header-above-stick-meta":"","header-main-stick-meta":"","header-below-stick-meta":"","astra-migrate-meta-layouts":"set","ast-page-background-enabled":"default","ast-page-background-meta":{"desktop":{"background-color":"","background-image":"","background-repeat":"repeat","background-position":"center center","background-size":"auto","background-attachment":"scroll","background-type":"","background-media":"","overlay-type":"","overlay-color":"","overlay-opacity":"","overlay-gradient":""},"tablet":{"background-color":"","background-image":"","background-repeat":"repeat","background-position":"center center","background-size":"auto","background-attachment":"scroll","background-type":"","background-media":"","overlay-type":"","overlay-color":"","overlay-opacity":"","overlay-gradient":""},"mobile":{"background-color":"","background-image":"","background-repeat":"repeat","background-position":"center center","background-size":"auto","background-attachment":"scroll","background-type":"","background-media":"","overlay-type":"","overlay-color":"","overlay-opacity":"","overlay-gradient":""}},"ast-content-background-meta":{"desktop":{"background-color":"var(--ast-global-color-5)","background-image":"","background-repeat":"repeat","background-position":"center center","background-size":"auto","background-attachment":"scroll","background-type":"","background-media":"","overlay-type":"","overlay-color":"","overlay-opacity":"","overlay-gradient":""},"tablet":{"background-color":"var(--ast-global-color-5)","background-image":"","background-repeat":"repeat","background-position":"center center","background-size":"auto","background-attachment":"scroll","background-type":"","background-media":"","overlay-type":"","overlay-color":"","overlay-opacity":"","overlay-gradient":""},"mobile":{"background-color":"var(--ast-global-color-5)","background-image":"","background-repeat":"repeat","background-position":"center center","background-size":"auto","background-attachment":"scroll","background-type":"","background-media":"","overlay-type":"","overlay-color":"","overlay-opacity":"","overlay-gradient":""}},"_jf_save_progress":"","footnotes":""},"schema":[],"class_list":["post-573128","page","type-page","status-publish","hentry"],"_links":{"self":[{"href":"https:\/\/world-schools.com\/tr\/wp-json\/wp\/v2\/pages\/573128","targetHints":{"allow":["GET"]}}],"collection":[{"href":"https:\/\/world-schools.com\/tr\/wp-json\/wp\/v2\/pages"}],"about":[{"href":"https:\/\/world-schools.com\/tr\/wp-json\/wp\/v2\/types\/page"}],"author":[{"embeddable":true,"href":"https:\/\/world-schools.com\/tr\/wp-json\/wp\/v2\/users\/2"}],"replies":[{"embeddable":true,"href":"https:\/\/world-schools.com\/tr\/wp-json\/wp\/v2\/comments?post=573128"}],"version-history":[{"count":0,"href":"https:\/\/world-schools.com\/tr\/wp-json\/wp\/v2\/pages\/573128\/revisions"}],"wp:attachment":[{"href":"https:\/\/world-schools.com\/tr\/wp-json\/wp\/v2\/media?parent=573128"}],"wp:term":[{"taxonomy":"schema","embeddable":true,"href":"https:\/\/world-schools.com\/tr\/wp-json\/wp\/v2\/schema?post=573128"}],"curies":[{"name":"wp","href":"https:\/\/api.w.org\/{rel}","templated":true}]}}