{"id":3,"date":"2025-01-23T13:21:27","date_gmt":"2025-01-23T13:21:27","guid":{"rendered":"http:\/\/support.pagely.com\/?page_id=3"},"modified":"2025-09-15T08:11:50","modified_gmt":"2025-09-15T08:11:50","slug":"privacy-policy","status":"publish","type":"page","link":"https:\/\/world-schools.com\/tr\/privacy-policy\/","title":{"rendered":"Gizlilik Politikas\u0131"},"content":{"rendered":"<p><strong>Y\u00fcr\u00fcrl\u00fck tarihi:<\/strong> 22 A\u011fustos 2025<br \/>\n<strong>Son g\u00fcncelleme:<\/strong> 22 A\u011fustos 2025<\/p>\n<h2>1. Biz kimiz ve bizimle nas\u0131l ileti\u015fime ge\u00e7ebilirsiniz?<\/h2>\n<p>Kontrol\u00f6r: <strong>D\u00fcnya Okullar\u0131<\/strong>, Route de la Bernadaz 5A, 1094 Paudex, \u0130svi\u00e7re.<br \/>\nE-posta: <a><strong>info@world-schools.com<\/strong><\/a>.<\/p>\n<h2>2. Bu politikan\u0131n kapsam\u0131 nedir?<\/h2>\n<p>Bu politika, web sitemizi ziyaret etti\u011finizde, bir hesap olu\u015fturdu\u011funuzda, okullara soru g\u00f6nderdi\u011finizde veya yorum yazd\u0131\u011f\u0131n\u0131zda ki\u015fisel verileri nas\u0131l toplad\u0131\u011f\u0131m\u0131z\u0131 ve kulland\u0131\u011f\u0131m\u0131z\u0131 a\u00e7\u0131klamaktad\u0131r.<\/p>\n<h2>3. Toplad\u0131\u011f\u0131m\u0131z veriler<\/h2>\n<ul data-spread=\"false\">\n<li><strong>Hesap ve profil<\/strong>: isim, e-posta, \u00fclke, telefon; kaydedilmi\u015f okullar ve tercihler.<\/li>\n<li><strong>Sorular<\/strong>: ebeveyn\/vasi ad\u0131 ve soyad\u0131, e-posta, \u00fclke, telefon, mesaj i\u00e7eri\u011fi, se\u00e7ilen okul, zaman damgalar\u0131.<\/li>\n<li><strong>\u0130ncelemeler<\/strong>: inceleme metni, takma ad\/muhtemel ad, do\u011frulama i\u00e7in iste\u011fe ba\u011fl\u0131 e-posta (yay\u0131nlanmayacak), zaman damgalar\u0131 ve moderasyon ge\u00e7mi\u015fi.<\/li>\n<li><strong>Kullan\u0131m ve teknik<\/strong>: IP adresi, cihaz\/taray\u0131c\u0131 bilgileri, g\u00f6r\u00fcnt\u00fclenen sayfalar, y\u00f6nlendiren URL'ler; \u00e7erez onay tercihleri.<\/li>\n<li><strong>\u0130leti\u015fim<\/strong>: bize g\u00f6nderdi\u011finiz e-postalar, destek talepleri.<\/li>\n<\/ul>\n<h2>4. Veri kaynaklar\u0131<\/h2>\n<ul data-spread=\"false\">\n<li>Do\u011frudan sizden (formlar, hesap, e-postalar).<\/li>\n<li>Cihaz\u0131n\u0131zdan otomatik olarak (gerekti\u011finde onay\u0131n\u0131za tabi olarak \u00e7erezler\/analizler arac\u0131l\u0131\u011f\u0131yla).<\/li>\n<li>Okullardan (\u00f6rne\u011fin, bizim arac\u0131l\u0131\u011f\u0131m\u0131zla ba\u015flatt\u0131\u011f\u0131n\u0131z sorulara yan\u0131t verdiklerinde) yaln\u0131zca ge\u00e7erli oldu\u011fu durumlarda meta veri (\u00f6rne\u011fin, durum) olarak.<\/li>\n<\/ul>\n<h2>5. Ama\u00e7lar ve yasal dayanaklar (GDPR\/\u0130svi\u00e7re)<\/h2>\n<ul data-spread=\"false\">\n<li><strong>Hizmeti Sa\u011flay\u0131n<\/strong> (hesap, kaydedilen okullar, yorumlar): <strong>S\u00f6zle\u015fme<\/strong> veya <strong>Me\u015fru \u00c7\u0131karlar<\/strong>.<\/li>\n<li><strong>Sorular\u0131n\u0131z\u0131 okullara iletin<\/strong> ve yan\u0131tlar\u0131 etkinle\u015ftirin: <strong>S\u00f6zle\u015fme<\/strong> veya <strong>Me\u015fru \u00c7\u0131karlar<\/strong>.<\/li>\n<li><strong>Il\u0131ml\u0131l\u0131k, g\u00fcvenlik ve k\u00f6t\u00fcye kullan\u0131m\u0131n \u00f6nlenmesi<\/strong> (anti-spam, g\u00fcvenlik kay\u0131tlar\u0131 dahil): <strong>Me\u015fru \u00c7\u0131karlar<\/strong> Ve <strong>Yasal y\u00fck\u00fcml\u00fcl\u00fck<\/strong> uygun oldu\u011fu durumlarda.<\/li>\n<li><strong>Analitik ve iyile\u015ftirme<\/strong> (GA4, gerekti\u011finde onay al\u0131nd\u0131ktan sonra): <strong>Me\u015fru \u00c7\u0131karlar<\/strong> ve\/veya <strong>Onay<\/strong> (\u00e7erez banner\u0131 arac\u0131l\u0131\u011f\u0131yla).<\/li>\n<li><strong>\u0130leti\u015fim<\/strong> (Do\u011frulama, silme onaylar\u0131 gibi hizmet e-postalar\u0131): <strong>Me\u015fru \u00c7\u0131karlar<\/strong> veya <strong>S\u00f6zle\u015fme<\/strong>.<\/li>\n<\/ul>\n<h2>6. Verilerinizi payla\u015fma<\/h2>\n<p>Verilerimizi \u015fu ki\u015filerle payla\u015f\u0131yoruz:<\/p>\n<ul data-spread=\"false\">\n<li><strong>Se\u00e7ti\u011finiz okullar<\/strong>: Bir talep g\u00f6nderdi\u011finizde, bilgilerinizi ve mesaj\u0131n\u0131z\u0131 se\u00e7ilen okula iletiyoruz. Okul daha sonra bir ileti\u015fim sorumlusu olarak hareket ediyor. <strong>ba\u011f\u0131ms\u0131z denetleyici<\/strong> Bu verilerin.<\/li>\n<li><strong>Hizmet sa\u011flay\u0131c\u0131lar (i\u015fleyiciler)<\/strong>:\n<ul data-spread=\"false\">\n<li><strong>Sayfal\u0131k<\/strong> (AWS altyap\u0131s\u0131nda bar\u0131nd\u0131rma)<\/li>\n<li><strong>Cloudflare<\/strong> (CDN\/DNS\/DDoS korumas\u0131)<\/li>\n<li><strong>Amazon SES<\/strong> (e-posta g\u00f6nderimi)<\/li>\n<li><strong>n8n<\/strong> (i\u015f ak\u0131\u015f\u0131 otomasyonu)<\/li>\n<li><strong>JetForm<\/strong> (site formlar\u0131)<\/li>\n<li><strong>Google Analytics 4<\/strong> (analitik; yaln\u0131zca onaydan sonra)<\/li>\n<li><strong>HubSpot (yaln\u0131zca B2B)<\/strong> \u2014 yap\u0131yoruz <strong>Olumsuz<\/strong> Ma\u011fazan\u0131n ebeveynlerin\/ailelerin ileti\u015fim bilgilerini burada bulabilirsiniz<\/li>\n<\/ul>\n<\/li>\n<\/ul>\n<p>\u0130\u015flemcilerin verileri korumas\u0131n\u0131 ve yaln\u0131zca talimatlar\u0131m\u0131z do\u011frultusunda hareket etmesini \u015fart ko\u015fuyoruz. Ki\u015fisel verileri satm\u0131yoruz.<\/p>\n<h2>7. Uluslararas\u0131 transferler<\/h2>\n<p>Baz\u0131 sa\u011flay\u0131c\u0131lar verileri \u0130svi\u00e7re\/AEA d\u0131\u015f\u0131nda i\u015fleyebilir (AEA dahil) <strong>Amerika Birle\u015fik Devletleri<\/strong>). Gerekti\u011finde, a\u015fa\u011f\u0131dakilere g\u00fcveniyoruz: <strong>Standart S\u00f6zle\u015fme Maddeleri (SCC'ler)<\/strong> Uygulanabilir oldu\u011fu durumlarda \u0130svi\u00e7re\/\u0130ngiltere eklerini dikkate alarak tamamlay\u0131c\u0131 tedbirleri uygulay\u0131n.<\/p>\n<h2>8. Saklama<\/h2>\n<ul data-spread=\"false\">\n<li><strong>Sorgulama g\u00fcnl\u00fckleri<\/strong> (i\u00e7erik\/meta veri): <strong>24 ay<\/strong>.<\/li>\n<li><strong>Hesap\/profil<\/strong>: Hesab\u0131n\u0131z aktifken; e\u011fer uzun s\u00fcre aktif de\u011filse <strong>24 ay<\/strong>, silebilir veya anonimle\u015ftirebiliriz.<\/li>\n<li><strong>\u0130ncelemeler<\/strong>: yay\u0131nland\u0131\u011f\u0131 s\u0131rada ve i\u00e7in <strong>30 g\u00fcn<\/strong> Kald\u0131r\u0131ld\u0131ktan sonra yedeklerde.<\/li>\n<li><strong>G\u00fcvenlik kay\u0131tlar\u0131<\/strong>: <strong>12 ay<\/strong>.<\/li>\n<li><strong>Yedeklemeler<\/strong>: kadar muhafaza edildi <strong>30 g\u00fcn<\/strong>Yasan\u0131n gerektirmesi veya g\u00fcvenlik, doland\u0131r\u0131c\u0131l\u0131\u011f\u0131n \u00f6nlenmesi veya k\u00f6t\u00fcye kullan\u0131m\u0131n y\u00f6netimi i\u00e7in asgari d\u00fczeyde kay\u0131t tutabiliriz.<\/li>\n<\/ul>\n<h2>9. \u00c7erezler ve analizler<\/h2>\n<p>Biz kullan\u0131yoruz <strong>\u00c7erezEvet<\/strong> \u00c7erezler i\u00e7in onay\u0131n\u0131z\u0131 almak ve kaydetmek i\u00e7in. <strong>Hepsini kabul et<\/strong>, <strong>T\u00fcm\u00fcn\u00fc reddet<\/strong>, veya <strong>Tercihleri \u200b\u200by\u00f6net<\/strong> \u00c7erez bildirimi arac\u0131l\u0131\u011f\u0131yla istedi\u011finiz zaman y\u00fckleyebilirsiniz. <strong>Google Analytics 4<\/strong> Gerekli b\u00f6lgelerde yaln\u0131zca onay al\u0131nd\u0131ktan sonra. Reklam \u00e7erezleri, yeniden pazarlama veya \u0131s\u0131 haritalar\u0131 kullanm\u0131yoruz.<\/p>\n<h2>10. Haklar\u0131n\u0131z<\/h2>\n<p>Uygulanabilir yasalara tabi olarak, talepte bulunabilirsiniz <strong>eri\u015fim, d\u00fczeltme, silme, k\u0131s\u0131tlama, ta\u015f\u0131nabilirlik ve itiraz<\/strong>ve sen yapabilirsin <strong>r\u0131zay\u0131 geri \u00e7ekmek<\/strong> \u0130stedi\u011finiz zaman. Haklar\u0131n\u0131z\u0131 kullanmak i\u00e7in e-posta g\u00f6nderin <a><strong>info@world-schools.com<\/strong><\/a>Hesab\u0131n\u0131z\u0131 \u015fu adresten de silebilirsiniz: <a><strong>https:\/\/world-schools.com\/dashboard\/delete-account\/<\/strong><\/a> (30 g\u00fcnl\u00fck ek s\u00fcre).<\/p>\n<p>E\u011fer AEA\/BK\/\u0130svi\u00e7re'deyseniz ve endi\u015fenizi \u00e7\u00f6zmedi\u011fimizi d\u00fc\u015f\u00fcn\u00fcyorsan\u0131z, yerel denetim otoritenize \u015fikayette bulunabilirsiniz.<\/p>\n<h2>11. \u00c7ocuklar<\/h2>\n<p>Hizmet kullan\u0131c\u0131lar i\u00e7indir <strong>13+<\/strong>13 ya\u015f\u0131n alt\u0131ndaki \u00e7ocuklardan bilerek ki\u015fisel veri toplam\u0131yoruz. 13 ya\u015f\u0131n alt\u0131ndaki bir \u00e7ocu\u011fun veri sa\u011flad\u0131\u011f\u0131na inan\u0131yorsan\u0131z bizimle ileti\u015fime ge\u00e7in, verileri silelim.<\/p>\n<h2>12. G\u00fcvenlik<\/h2>\n<p>Aktar\u0131m\/bekleme s\u0131ras\u0131nda \u015fifreleme, eri\u015fim kontrolleri ve en d\u00fc\u015f\u00fck ayr\u0131cal\u0131k, d\u00fczenli g\u00fcncellemeler ve g\u00fcvenlik a\u00e7\u0131\u011f\u0131 d\u00fczeltmeleri, personel gizlili\u011fi ve e\u011fitimi ve tedarik\u00e7i gerekli \u00f6zeni de dahil olmak \u00fczere uygun teknik ve organizasyonel \u00f6nlemleri kullan\u0131yoruz. Hi\u00e7bir iletim veya depolama y\u00f6ntemi 0 g\u00fcvenli de\u011fildir.<\/p>\n<h2>13. \u0130leti\u015fimler<\/h2>\n<p>Temel hizmet e-postalar\u0131 (\u00f6rne\u011fin do\u011frulama kodlar\u0131, silme onaylar\u0131) g\u00f6nderiyoruz. <strong>Olumsuz<\/strong> Pazarlama b\u00fcltenleri g\u00f6nderin. Mesajlar\u0131m\u0131zdaki ba\u011flant\u0131 arac\u0131l\u0131\u011f\u0131yla gerekli olmayan e-postalar\u0131n aboneli\u011finden \u00e7\u0131kabilirsiniz.<\/p>\n<h2>14. \u0130zlemeyin<\/h2>\n<p>Taray\u0131c\u0131n\u0131n \"\u0130zlemeyin\" sinyallerine yan\u0131t vermiyoruz.<\/p>\n<h2>15. ABD gizlilik bildirimi (CPRA\/Kaliforniya)<\/h2>\n<p>Biz yap\u0131yoruz <strong>satmay\u0131n veya payla\u015fmay\u0131n<\/strong> CPRA taraf\u0131ndan tan\u0131mland\u0131\u011f\u0131 \u015fekilde ki\u015fisel bilgilerinize eri\u015febilir ve ba\u011flamlar aras\u0131 davran\u0131\u015fsal reklamc\u0131l\u0131k yapmay\u0131z. Kaliforniya sakinleri, e-posta g\u00f6ndererek eri\u015fim veya silme talebinde bulunabilirler. <a><strong>info@world-schools.com<\/strong><\/a>. \u00d6zellikleri \u00e7\u0131karsama amac\u0131yla hassas ki\u015fisel bilgileri toplam\u0131yoruz.<\/p>\n<h2>16. Bu politikadaki de\u011fi\u015fiklikler<\/h2>\n<p>Bu politikay\u0131 zaman zaman g\u00fcncelleyebiliriz. \u00d6nemli de\u011fi\u015fiklikler i\u00e7in, <strong>14 g\u00fcnl\u00fck bildirim<\/strong> (\u00f6rne\u011fin, afi\u015f) y\u00fcr\u00fcrl\u00fc\u011fe girmeden \u00f6nce. Hizmet'i y\u00fcr\u00fcrl\u00fck tarihinden sonra kullanmaya devam ederseniz, g\u00fcncellenen politikay\u0131 kabul etmi\u015f olursunuz.<\/p>\n<h2>17. \u0130leti\u015fim<\/h2>\n<p>Sorular\u0131n\u0131z veya istekleriniz mi var? E-posta <a><strong>info@world-schools.com<\/strong><\/a> veya yaz <strong>Route de la Bernadaz 5A, 1094 Paudex, \u0130svi\u00e7re<\/strong>.<\/p>","protected":false},"excerpt":{"rendered":"<p>Effective date: 22 August 2025 Last updated: 22 August 2025 1. Who we are and how to contact us Controller: World Schools, Route de la Bernadaz 5A, 1094 Paudex, Switzerland. Email: info@world-schools.com. 2. What this policy covers This policy explains how we collect and use personal data when you visit our website, create an account, [&hellip;]<\/p>\n","protected":false},"author":2,"featured_media":0,"parent":0,"menu_order":0,"comment_status":"closed","ping_status":"open","template":"","meta":{"content-type":"","inline_featured_image":false,"site-sidebar-layout":"default","site-content-layout":"","ast-site-content-layout":"normal-width-container","site-content-style":"boxed","site-sidebar-style":"default","ast-global-header-display":"","ast-banner-title-visibility":"","ast-main-header-display":"","ast-hfb-above-header-display":"","ast-hfb-below-header-display":"","ast-hfb-mobile-header-display":"","site-post-title":"","ast-breadcrumbs-content":"","ast-featured-img":"","footer-sml-layout":"","ast-disable-related-posts":"","theme-transparent-header-meta":"default","adv-header-id-meta":"","stick-header-meta":"","header-above-stick-meta":"","header-main-stick-meta":"","header-below-stick-meta":"","astra-migrate-meta-layouts":"set","ast-page-background-enabled":"default","ast-page-background-meta":{"desktop":{"background-color":"","background-image":"","background-repeat":"repeat","background-position":"center center","background-size":"auto","background-attachment":"scroll","background-type":"","background-media":"","overlay-type":"","overlay-color":"","overlay-opacity":"","overlay-gradient":""},"tablet":{"background-color":"","background-image":"","background-repeat":"repeat","background-position":"center center","background-size":"auto","background-attachment":"scroll","background-type":"","background-media":"","overlay-type":"","overlay-color":"","overlay-opacity":"","overlay-gradient":""},"mobile":{"background-color":"","background-image":"","background-repeat":"repeat","background-position":"center center","background-size":"auto","background-attachment":"scroll","background-type":"","background-media":"","overlay-type":"","overlay-color":"","overlay-opacity":"","overlay-gradient":""}},"ast-content-background-meta":{"desktop":{"background-color":"var(--ast-global-color-5)","background-image":"","background-repeat":"repeat","background-position":"center center","background-size":"auto","background-attachment":"scroll","background-type":"","background-media":"","overlay-type":"","overlay-color":"","overlay-opacity":"","overlay-gradient":""},"tablet":{"background-color":"var(--ast-global-color-5)","background-image":"","background-repeat":"repeat","background-position":"center center","background-size":"auto","background-attachment":"scroll","background-type":"","background-media":"","overlay-type":"","overlay-color":"","overlay-opacity":"","overlay-gradient":""},"mobile":{"background-color":"var(--ast-global-color-5)","background-image":"","background-repeat":"repeat","background-position":"center center","background-size":"auto","background-attachment":"scroll","background-type":"","background-media":"","overlay-type":"","overlay-color":"","overlay-opacity":"","overlay-gradient":""}},"_jf_save_progress":"","footnotes":""},"schema":[],"class_list":["post-3","page","type-page","status-publish","hentry"],"_links":{"self":[{"href":"https:\/\/world-schools.com\/tr\/wp-json\/wp\/v2\/pages\/3","targetHints":{"allow":["GET"]}}],"collection":[{"href":"https:\/\/world-schools.com\/tr\/wp-json\/wp\/v2\/pages"}],"about":[{"href":"https:\/\/world-schools.com\/tr\/wp-json\/wp\/v2\/types\/page"}],"author":[{"embeddable":true,"href":"https:\/\/world-schools.com\/tr\/wp-json\/wp\/v2\/users\/2"}],"replies":[{"embeddable":true,"href":"https:\/\/world-schools.com\/tr\/wp-json\/wp\/v2\/comments?post=3"}],"version-history":[{"count":0,"href":"https:\/\/world-schools.com\/tr\/wp-json\/wp\/v2\/pages\/3\/revisions"}],"wp:attachment":[{"href":"https:\/\/world-schools.com\/tr\/wp-json\/wp\/v2\/media?parent=3"}],"wp:term":[{"taxonomy":"schema","embeddable":true,"href":"https:\/\/world-schools.com\/tr\/wp-json\/wp\/v2\/schema?post=3"}],"curies":[{"name":"wp","href":"https:\/\/api.w.org\/{rel}","templated":true}]}}