{"id":583520,"date":"2025-07-01T10:04:44","date_gmt":"2025-07-01T10:04:44","guid":{"rendered":"https:\/\/world-schools.com\/?page_id=583520"},"modified":"2025-07-01T10:05:17","modified_gmt":"2025-07-01T10:05:17","slug":"about-the-author","status":"publish","type":"page","link":"https:\/\/world-schools.com\/pl\/about-the-author\/","title":{"rendered":"O autorze"},"content":{"rendered":"<div data-elementor-type=\"wp-page\" data-elementor-id=\"583520\" class=\"elementor elementor-583520\" data-elementor-post-type=\"page\">\n\t\t\t\t<div class=\"elementor-element elementor-element-7d8427b e-flex e-con-boxed e-con e-parent\" data-id=\"7d8427b\" data-element_type=\"container\" data-e-type=\"container\">\n\t\t\t\t\t<div class=\"e-con-inner\">\n\t\t\t\t<div class=\"elementor-element elementor-element-d10521a elementor-widget elementor-widget-heading\" data-id=\"d10521a\" data-element_type=\"widget\" data-e-type=\"widget\" data-widget_type=\"heading.default\">\n\t\t\t\t<div class=\"elementor-widget-container\">\n\t\t\t\t\t<h1 class=\"elementor-heading-title elementor-size-default\">O autorze<\/h1>\t\t\t\t<\/div>\n\t\t\t\t<\/div>\n\t\t\t\t<div class=\"elementor-element elementor-element-775354c elementor-widget elementor-widget-text-editor\" data-id=\"775354c\" data-element_type=\"widget\" data-e-type=\"widget\" data-widget_type=\"text-editor.default\">\n\t\t\t\t<div class=\"elementor-widget-container\">\n\t\t\t\t\t\t\t\t\t<p><strong>Stephanie Peipers<\/strong> jest wsp\u00f3\u0142za\u0142o\u017cycielem <a href=\"https:\/\/world-camps.org\" target=\"_blank\" rel=\"noopener\"><span style=\"text-decoration: underline;\">Obozy \u015bwiatowe<\/span><\/a> I <a href=\"https:\/\/world-schools.com\/pl\/\"><span style=\"text-decoration: underline;\">World Schools<\/span><\/a>. Jest aktywna w globalnej bran\u017cy edukacyjnej i obozowej od 2010 roku, pomagaj\u0105c rodzinom odkrywa\u0107 wysokiej jako\u015bci mi\u0119dzynarodowe szko\u0142y i obozy letnie na ca\u0142ym \u015bwiecie.<\/p><p>Stephanie ma ponad dziesi\u0119cioletnie do\u015bwiadczenie w doradzaniu rodzicom w zakresie wybor\u00f3w edukacyjnych i pozaszkolnych dla ich dzieci, ze szczeg\u00f3lnym uwzgl\u0119dnieniem immersyjnych, rozwojowych \u015brodowisk, takich jak szko\u0142y z internatem i obozy dla dzieci. Jej g\u0142\u0119boka wiedza na temat tego sektora opiera si\u0119 na osobistych wizytach, badaniach i sta\u0142ej wsp\u00f3\u0142pracy z najlepszymi instytucjami na r\u00f3\u017cnych kontynentach.<\/p><p>Wraz z m\u0119\u017cem - by\u0142ym dyrektorem obozu i wsp\u00f3\u0142za\u0142o\u017cycielem - Stephanie zbudowa\u0142a World Camps jako zaufan\u0105 platform\u0119 do odkrywania oboz\u00f3w, kt\u00f3re inspiruj\u0105 rozw\u00f3j, pewno\u015b\u0107 siebie i przyja\u017anie na ca\u0142e \u017cycie.<\/p><p>Wszystkie artyku\u0142y publikowane pod nazwiskiem Stephanie s\u0105 niezale\u017cnie badane, weryfikowane redakcyjnie i zgodne z nasz\u0105 polityk\u0105 prywatno\u015bci. <a href=\"\/pl\/editorial-standards\/\">standardy redakcyjne<\/a>.<\/p>\t\t\t\t\t\t\t\t<\/div>\n\t\t\t\t<\/div>\n\t\t\t\t\t<\/div>\n\t\t\t\t<\/div>\n\t\t\t\t<\/div>","protected":false},"excerpt":{"rendered":"<p>About the Author Stephanie Peipers is the co-founder of World Camps and World Schools. She has been active in the global education and camp industry since 2010, helping families discover high-quality international schools and summer camps worldwide. Stephanie has over a decade of experience advising parents on educational and extracurricular choices for their children, with [&hellip;]<\/p>\n","protected":false},"author":2,"featured_media":0,"parent":0,"menu_order":0,"comment_status":"closed","ping_status":"closed","template":"","meta":{"content-type":"","inline_featured_image":false,"site-sidebar-layout":"no-sidebar","site-content-layout":"page-builder","ast-site-content-layout":"full-width-container","site-content-style":"default","site-sidebar-style":"default","ast-global-header-display":"","ast-banner-title-visibility":"","ast-main-header-display":"","ast-hfb-above-header-display":"","ast-hfb-below-header-display":"","ast-hfb-mobile-header-display":"","site-post-title":"disabled","ast-breadcrumbs-content":"","ast-featured-img":"disabled","footer-sml-layout":"","ast-disable-related-posts":"","theme-transparent-header-meta":"default","adv-header-id-meta":"","stick-header-meta":"","header-above-stick-meta":"","header-main-stick-meta":"","header-below-stick-meta":"","astra-migrate-meta-layouts":"set","ast-page-background-enabled":"default","ast-page-background-meta":{"desktop":{"background-color":"","background-image":"","background-repeat":"repeat","background-position":"center center","background-size":"auto","background-attachment":"scroll","background-type":"","background-media":"","overlay-type":"","overlay-color":"","overlay-opacity":"","overlay-gradient":""},"tablet":{"background-color":"","background-image":"","background-repeat":"repeat","background-position":"center center","background-size":"auto","background-attachment":"scroll","background-type":"","background-media":"","overlay-type":"","overlay-color":"","overlay-opacity":"","overlay-gradient":""},"mobile":{"background-color":"","background-image":"","background-repeat":"repeat","background-position":"center center","background-size":"auto","background-attachment":"scroll","background-type":"","background-media":"","overlay-type":"","overlay-color":"","overlay-opacity":"","overlay-gradient":""}},"ast-content-background-meta":{"desktop":{"background-color":"var(--ast-global-color-5)","background-image":"","background-repeat":"repeat","background-position":"center center","background-size":"auto","background-attachment":"scroll","background-type":"","background-media":"","overlay-type":"","overlay-color":"","overlay-opacity":"","overlay-gradient":""},"tablet":{"background-color":"var(--ast-global-color-5)","background-image":"","background-repeat":"repeat","background-position":"center center","background-size":"auto","background-attachment":"scroll","background-type":"","background-media":"","overlay-type":"","overlay-color":"","overlay-opacity":"","overlay-gradient":""},"mobile":{"background-color":"var(--ast-global-color-5)","background-image":"","background-repeat":"repeat","background-position":"center center","background-size":"auto","background-attachment":"scroll","background-type":"","background-media":"","overlay-type":"","overlay-color":"","overlay-opacity":"","overlay-gradient":""}},"_jf_save_progress":"","footnotes":""},"schema":[],"class_list":["post-583520","page","type-page","status-publish","hentry"],"_links":{"self":[{"href":"https:\/\/world-schools.com\/pl\/wp-json\/wp\/v2\/pages\/583520","targetHints":{"allow":["GET"]}}],"collection":[{"href":"https:\/\/world-schools.com\/pl\/wp-json\/wp\/v2\/pages"}],"about":[{"href":"https:\/\/world-schools.com\/pl\/wp-json\/wp\/v2\/types\/page"}],"author":[{"embeddable":true,"href":"https:\/\/world-schools.com\/pl\/wp-json\/wp\/v2\/users\/2"}],"replies":[{"embeddable":true,"href":"https:\/\/world-schools.com\/pl\/wp-json\/wp\/v2\/comments?post=583520"}],"version-history":[{"count":0,"href":"https:\/\/world-schools.com\/pl\/wp-json\/wp\/v2\/pages\/583520\/revisions"}],"wp:attachment":[{"href":"https:\/\/world-schools.com\/pl\/wp-json\/wp\/v2\/media?parent=583520"}],"wp:term":[{"taxonomy":"schema","embeddable":true,"href":"https:\/\/world-schools.com\/pl\/wp-json\/wp\/v2\/schema?post=583520"}],"curies":[{"name":"wp","href":"https:\/\/api.w.org\/{rel}","templated":true}]}}