{"id":573128,"date":"2025-01-25T11:05:36","date_gmt":"2025-01-25T11:05:36","guid":{"rendered":"http:\/\/Happy"},"modified":"2025-08-22T07:21:28","modified_gmt":"2025-08-22T07:21:28","slug":"terms-of-use","status":"publish","type":"page","link":"https:\/\/world-schools.com\/pl\/terms-of-use\/","title":{"rendered":"Warunki u\u017cytkowania"},"content":{"rendered":"<p><strong>Data wej\u015bcia w \u017cycie:<\/strong> 22 sierpnia 2025<br \/>\n<strong>Ostatnia aktualizacja:<\/strong> 22 sierpnia 2025<\/p>\n<h2>1. Kim jeste\u015bmy<\/h2>\n<p>Us\u0142uga World Schools (dalej \u201eUs\u0142uga\u201d) jest obs\u0142ugiwana przez <strong>World Schools<\/strong>, Route de la Bernadaz 5A, 1094 Paudex, Szwajcaria. Kontakt: <a><strong>info@world-schools.com<\/strong><\/a>.<\/p>\n<h2>2. Co robimy<\/h2>\n<p>World Schools to katalog i platforma tre\u015bci, kt\u00f3re pomagaj\u0105 rodzinom odkrywa\u0107 szko\u0142y. U\u017cytkownicy mog\u0105 sk\u0142ada\u0107 formularze z zapytaniami, kt\u00f3re przesy\u0142amy do wybranych szk\u00f3\u0142 e-mailem. Nie jeste\u015bmy szko\u0142\u0105 i nie gwarantujemy przyj\u0119cia ani wynik\u00f3w nauczania. Informacje na stronie mog\u0105 pochodzi\u0107 od szk\u00f3\u0142 lub os\u00f3b trzecich.<\/p>\n<h2>3. Kwalifikowalno\u015b\u0107<\/h2>\n<p>Musisz by\u0107 <strong>13 lat lub wi\u0119cej<\/strong> Aby korzysta\u0107 z Us\u0142ugi. Je\u015bli masz od 13 lat do osi\u0105gni\u0119cia pe\u0142noletno\u015bci w Twojej lokalizacji, musisz uzyska\u0107 zgod\u0119 rodzica\/opiekuna. Nie zezwalamy \u015bwiadomie osobom poni\u017cej 13. roku \u017cycia na tworzenie kont.<\/p>\n<h2>4. Twoje konto i jego usuni\u0119cie<\/h2>\n<p>Niekt\u00f3re funkcje mog\u0105 wymaga\u0107 za\u0142o\u017cenia konta. Ponosisz odpowiedzialno\u015b\u0107 za bezpiecze\u0144stwo danych logowania i aktywno\u015b\u0107 na swoim koncie. Mo\u017cesz w ka\u017cdej chwili poprosi\u0107 o usuni\u0119cie konta. <a><strong>https:\/\/world-schools.com\/dashboard\/delete-account\/<\/strong><\/a>. Je\u017celi nie jeste\u015bmy prawnie zobowi\u0105zani do przechowywania okre\u015blonych danych, Twoje konto zostanie zaplanowane do usuni\u0119cia <strong>30-dniowy okres karencji<\/strong>W tym okresie mo\u017cesz cofn\u0105\u0107 \u017c\u0105danie za pomoc\u0105 linku, kt\u00f3ry wy\u015blemy Ci e-mailem. Kopie zapasowe s\u0105 usuwane w ci\u0105gu 30 dni od zako\u0144czenia usuwania.<\/p>\n<h2>5. Zapytania do szk\u00f3\u0142<\/h2>\n<p>Po przes\u0142aniu formularza zapytania przekazujemy go do wybranej przez Ciebie szko\u0142y. Od tego momentu szko\u0142a dzia\u0142a jako <strong>niezale\u017cny administrator danych<\/strong> w celu uzyskania odpowiedzi na to zapytanie i mo\u017cemy skontaktowa\u0107 si\u0119 z Tob\u0105 bezpo\u015brednio e-mailem lub telefonicznie. Nie jeste\u015bmy stron\u0105 w Twojej komunikacji ze szko\u0142\u0105 i nie ponosimy za ni\u0105 odpowiedzialno\u015bci.<\/p>\n<h2>6. Recenzje i tre\u015bci u\u017cytkownik\u00f3w<\/h2>\n<p>Mo\u017cesz publikowa\u0107 recenzje bez zak\u0142adania konta. Wymagamy tre\u015bci zgodnych z prawem i szacunkiem, a zabraniamy tre\u015bci szerz\u0105cych nienawi\u015b\u0107, n\u0119kaj\u0105cych, znies\u0142awiaj\u0105cych lub naruszaj\u0105cych prawo. Recenzje s\u0105 <strong>moderowane przez ludzi<\/strong> i og\u00f3lnie przegl\u0105dane w ramach <strong>7 dni<\/strong>Mo\u017cemy edytowa\u0107 tre\u015b\u0107 pod k\u0105tem formatu (np. w celu usuni\u0119cia danych osobowych), odrzuci\u0107 j\u0105 lub usun\u0105\u0107 wed\u0142ug w\u0142asnego uznania. Udzielasz nam <strong>og\u00f3lno\u015bwiatowa, niewy\u0142\u0105czna, wolna od op\u0142at licencyjnych licencja<\/strong> do przechowywania, reprodukowania, wy\u015bwietlania i promowania Twoich recenzji wy\u0142\u0105cznie w celu obs\u0142ugi i promocji Us\u0142ugi. Mo\u017cesz w dowolnym momencie za\u017c\u0105da\u0107 usuni\u0119cia, wysy\u0142aj\u0105c wiadomo\u015b\u0107 e-mail. <a><strong>info@world-schools.com<\/strong><\/a>.<\/p>\n<h2>7. Dopuszczalne u\u017cycie<\/h2>\n<p>Zgadzasz si\u0119, \u017ce nie b\u0119dziesz: (a) \u0142ama\u0107 prawa; (b) narusza\u0107 praw w\u0142asno\u015bci intelektualnej lub prywatno\u015bci; (c) n\u0119ka\u0107, zn\u0119ca\u0107 si\u0119 ani dyskryminowa\u0107; (d) przesy\u0142a\u0107 z\u0142o\u015bliwego oprogramowania; (e) podejmowa\u0107 pr\u00f3b obej\u015bcia zabezpiecze\u0144 lub uzyskiwania dost\u0119pu do obszar\u00f3w niepublicznych; (f) skroba\u0107, indeksowa\u0107, zbiera\u0107 ani masowo eksportowa\u0107 katalogu lub tre\u015bci bez naszej pisemnej zgody; (g) u\u017cywa\u0107 Us\u0142ugi do wysy\u0142ania niezam\u00f3wionych wiadomo\u015bci.<\/p>\n<h2>8. W\u0142asno\u015b\u0107 intelektualna<\/h2>\n<p>My i nasi licencjodawcy jeste\u015bmy w\u0142a\u015bcicielami Serwisu i jego tre\u015bci, w tym tekstu, grafiki i znak\u00f3w towarowych. Szko\u0142y zachowuj\u0105 prawa w\u0142asno\u015bci do swoich logotyp\u00f3w i multimedi\u00f3w, ale udzielaj\u0105 nam niezb\u0119dnej licencji na ich hostowanie, reprodukcj\u0119, przycinanie\/zmian\u0119 rozmiaru i wy\u015bwietlanie w Serwisie oraz naszych kana\u0142ach marketingowych. Je\u015bli uwa\u017casz, \u017ce tre\u015b\u0107 narusza Twoje prawa, skontaktuj si\u0119 z nami. <a><strong>info@world-schools.com<\/strong><\/a> i niezw\u0142ocznie je przeanalizujemy.<\/p>\n<h2>9. Linki i us\u0142ugi stron trzecich<\/h2>\n<p>Serwis mo\u017ce zawiera\u0107 linki do stron lub us\u0142ug stron trzecich (w tym szk\u00f3\u0142). Nie mamy nad nimi kontroli i nie ponosimy odpowiedzialno\u015bci za ich tre\u015b\u0107 ani zasady.<\/p>\n<h2>10. Zastrze\u017cenia<\/h2>\n<p>Us\u0142uga jest \u015bwiadczona <strong>\u201etak jak jest\u201d<\/strong> I <strong>\u201ew miar\u0119 dost\u0119pno\u015bci\u201d<\/strong>W maksymalnym zakresie dozwolonym przez prawo, zrzekamy si\u0119 gwarancji przydatno\u015bci handlowej, przydatno\u015bci do okre\u015blonego celu i nienaruszalno\u015bci praw. Nie gwarantujemy dok\u0142adno\u015bci informacji o szko\u0142ach, dost\u0119pno\u015bci miejsc ani wynik\u00f3w nauczania.<\/p>\n<h2>11. Ograniczenie odpowiedzialno\u015bci<\/h2>\n<p>W maksymalnym zakresie dozwolonym przez prawo, nie ponosimy odpowiedzialno\u015bci za szkody po\u015brednie, przypadkowe, szczeg\u00f3lne, wynikowe ani karne, ani za utrat\u0119 zysk\u00f3w, danych lub warto\u015bci firmy, wynikaj\u0105ce z korzystania z Us\u0142ugi lub z nim zwi\u0105zane. \u017badne z postanowie\u0144 niniejszych Warunk\u00f3w nie ogranicza odpowiedzialno\u015bci, kt\u00f3ra nie mo\u017ce by\u0107 ograniczona na mocy obowi\u0105zuj\u0105cego prawa.<\/p>\n<h2>12. Zmiany w Us\u0142udze<\/h2>\n<p>Mo\u017cemy modyfikowa\u0107 lub wy\u0142\u0105cza\u0107 funkcje w dowolnym momencie. W przypadku istotnych zmian wp\u0142ywaj\u0105cych na u\u017cytkownik\u00f3w, powiadomimy ich o tym z odpowiednim wyprzedzeniem.<\/p>\n<h2>13. Zako\u0144czenie<\/h2>\n<p>Mo\u017cemy zawiesi\u0107 lub zablokowa\u0107 dost\u0119p w przypadku naruszenia przez Ciebie niniejszych Warunk\u00f3w lub ze wzgl\u0119d\u00f3w operacyjnych, bezpiecze\u0144stwa lub prawnych. Mo\u017cesz w dowolnym momencie zaprzesta\u0107 korzystania z Us\u0142ugi i za\u017c\u0105da\u0107 usuni\u0119cia konta, jak opisano powy\u017cej.<\/p>\n<h2>14. Prawo w\u0142a\u015bciwe i w\u0142a\u015bciwo\u015b\u0107 miejscowa s\u0105du<\/h2>\n<p>Niniejsze Warunki oraz wszelkie spory lub roszczenia (w tym pozaumowne) podlegaj\u0105 przepisom <strong>Prawo szwajcarskie<\/strong>. Wy\u0142\u0105cznym miejscem jurysdykcji jest <strong>s\u0105dy kantonu Vaud<\/strong>, z zastrze\u017ceniem obowi\u0105zkowych przepis\u00f3w dotycz\u0105cych ochrony konsument\u00f3w w Twoim kraju zamieszkania, tam gdzie ma to zastosowanie.<\/p>\n<h2>15. Zmiany niniejszych Warunk\u00f3w<\/h2>\n<p>Mo\u017cemy okresowo aktualizowa\u0107 niniejsze Warunki. W przypadku istotnych zmian b\u0119dziemy informowa\u0107 <strong>14-dniowe wypowiedzenie<\/strong> (np. baner lub e-mail) przed wej\u015bciem w \u017cycie nowych warunk\u00f3w. Dalsze korzystanie z serwisu po dacie wej\u015bcia w \u017cycie oznacza akceptacj\u0119 zmian.<\/p>","protected":false},"excerpt":{"rendered":"<p>Effective date: 22 August 2025 Last updated: 22 August 2025 1. Who we are World Schools (the \u201cService\u201d) is operated by World Schools, Route de la Bernadaz 5A, 1094 Paudex, Switzerland. Contact: info@world-schools.com. 2. What we do World Schools is a directory and content platform to help families discover schools. Users may submit enquiry forms [&hellip;]<\/p>\n","protected":false},"author":2,"featured_media":0,"parent":0,"menu_order":0,"comment_status":"closed","ping_status":"closed","template":"","meta":{"content-type":"","inline_featured_image":false,"site-sidebar-layout":"default","site-content-layout":"default","ast-site-content-layout":"default","site-content-style":"default","site-sidebar-style":"default","ast-global-header-display":"","ast-banner-title-visibility":"","ast-main-header-display":"","ast-hfb-above-header-display":"","ast-hfb-below-header-display":"","ast-hfb-mobile-header-display":"","site-post-title":"","ast-breadcrumbs-content":"","ast-featured-img":"","footer-sml-layout":"","ast-disable-related-posts":"","theme-transparent-header-meta":"default","adv-header-id-meta":"","stick-header-meta":"default","header-above-stick-meta":"","header-main-stick-meta":"","header-below-stick-meta":"","astra-migrate-meta-layouts":"set","ast-page-background-enabled":"default","ast-page-background-meta":{"desktop":{"background-color":"","background-image":"","background-repeat":"repeat","background-position":"center center","background-size":"auto","background-attachment":"scroll","background-type":"","background-media":"","overlay-type":"","overlay-color":"","overlay-opacity":"","overlay-gradient":""},"tablet":{"background-color":"","background-image":"","background-repeat":"repeat","background-position":"center center","background-size":"auto","background-attachment":"scroll","background-type":"","background-media":"","overlay-type":"","overlay-color":"","overlay-opacity":"","overlay-gradient":""},"mobile":{"background-color":"","background-image":"","background-repeat":"repeat","background-position":"center center","background-size":"auto","background-attachment":"scroll","background-type":"","background-media":"","overlay-type":"","overlay-color":"","overlay-opacity":"","overlay-gradient":""}},"ast-content-background-meta":{"desktop":{"background-color":"var(--ast-global-color-5)","background-image":"","background-repeat":"repeat","background-position":"center center","background-size":"auto","background-attachment":"scroll","background-type":"","background-media":"","overlay-type":"","overlay-color":"","overlay-opacity":"","overlay-gradient":""},"tablet":{"background-color":"var(--ast-global-color-5)","background-image":"","background-repeat":"repeat","background-position":"center center","background-size":"auto","background-attachment":"scroll","background-type":"","background-media":"","overlay-type":"","overlay-color":"","overlay-opacity":"","overlay-gradient":""},"mobile":{"background-color":"var(--ast-global-color-5)","background-image":"","background-repeat":"repeat","background-position":"center center","background-size":"auto","background-attachment":"scroll","background-type":"","background-media":"","overlay-type":"","overlay-color":"","overlay-opacity":"","overlay-gradient":""}},"_jf_save_progress":"","footnotes":""},"schema":[],"class_list":["post-573128","page","type-page","status-publish","hentry"],"_links":{"self":[{"href":"https:\/\/world-schools.com\/pl\/wp-json\/wp\/v2\/pages\/573128","targetHints":{"allow":["GET"]}}],"collection":[{"href":"https:\/\/world-schools.com\/pl\/wp-json\/wp\/v2\/pages"}],"about":[{"href":"https:\/\/world-schools.com\/pl\/wp-json\/wp\/v2\/types\/page"}],"author":[{"embeddable":true,"href":"https:\/\/world-schools.com\/pl\/wp-json\/wp\/v2\/users\/2"}],"replies":[{"embeddable":true,"href":"https:\/\/world-schools.com\/pl\/wp-json\/wp\/v2\/comments?post=573128"}],"version-history":[{"count":0,"href":"https:\/\/world-schools.com\/pl\/wp-json\/wp\/v2\/pages\/573128\/revisions"}],"wp:attachment":[{"href":"https:\/\/world-schools.com\/pl\/wp-json\/wp\/v2\/media?parent=573128"}],"wp:term":[{"taxonomy":"schema","embeddable":true,"href":"https:\/\/world-schools.com\/pl\/wp-json\/wp\/v2\/schema?post=573128"}],"curies":[{"name":"wp","href":"https:\/\/api.w.org\/{rel}","templated":true}]}}