{"id":583520,"date":"2025-07-01T10:04:44","date_gmt":"2025-07-01T10:04:44","guid":{"rendered":"https:\/\/world-schools.com\/?page_id=583520"},"modified":"2025-07-01T10:05:17","modified_gmt":"2025-07-01T10:05:17","slug":"about-the-author","status":"publish","type":"page","link":"https:\/\/world-schools.com\/fr\/about-the-author\/","title":{"rendered":"A propos de l'auteur"},"content":{"rendered":"<div data-elementor-type=\"wp-page\" data-elementor-id=\"583520\" class=\"elementor elementor-583520\" data-elementor-post-type=\"page\">\n\t\t\t\t<div class=\"elementor-element elementor-element-7d8427b e-flex e-con-boxed e-con e-parent\" data-id=\"7d8427b\" data-element_type=\"container\" data-e-type=\"container\">\n\t\t\t\t\t<div class=\"e-con-inner\">\n\t\t\t\t<div class=\"elementor-element elementor-element-d10521a elementor-widget elementor-widget-heading\" data-id=\"d10521a\" data-element_type=\"widget\" data-e-type=\"widget\" data-widget_type=\"heading.default\">\n\t\t\t\t<div class=\"elementor-widget-container\">\n\t\t\t\t\t<h1 class=\"elementor-heading-title elementor-size-default\">A propos de l'auteur<\/h1>\t\t\t\t<\/div>\n\t\t\t\t<\/div>\n\t\t\t\t<div class=\"elementor-element elementor-element-775354c elementor-widget elementor-widget-text-editor\" data-id=\"775354c\" data-element_type=\"widget\" data-e-type=\"widget\" data-widget_type=\"text-editor.default\">\n\t\t\t\t<div class=\"elementor-widget-container\">\n\t\t\t\t\t\t\t\t\t<p><strong>St\u00e9phanie Peipers<\/strong> est le cofondateur de <a href=\"https:\/\/world-camps.org\" target=\"_blank\" rel=\"noopener\"><span style=\"text-decoration: underline;\">Camps du monde<\/span><\/a> et <a href=\"https:\/\/world-schools.com\/fr\/\"><span style=\"text-decoration: underline;\">World Schools<\/span><\/a>. Elle est active dans le secteur de l'\u00e9ducation internationale et des colonies de vacances depuis 2010, aidant les familles \u00e0 d\u00e9couvrir des \u00e9coles internationales et des colonies de vacances de grande qualit\u00e9 dans le monde entier.<\/p><p>Stephanie a plus de dix ans d'exp\u00e9rience dans le conseil aux parents sur les choix \u00e9ducatifs et extrascolaires pour leurs enfants, avec une attention particuli\u00e8re pour les environnements immersifs et de d\u00e9veloppement tels que les internats et les camps de vacances. Sa connaissance approfondie du secteur est bas\u00e9e sur des visites personnelles, des recherches et une collaboration continue avec les meilleures institutions \u00e0 travers les continents.<\/p><p>Avec son mari, ancien directeur de camp et cofondateur, Stephanie a fait de World Camps une plateforme de confiance pour d\u00e9couvrir des camps qui favorisent l'\u00e9panouissement, la confiance et les amiti\u00e9s pour la vie.<\/p><p>Tous les articles publi\u00e9s sous le nom de Stephanie font l'objet de recherches ind\u00e9pendantes, d'une r\u00e9vision \u00e9ditoriale et sont conformes \u00e0 notre politique de d\u00e9veloppement durable. <a href=\"\/fr\/editorial-standards\/\">normes \u00e9ditoriales<\/a>.<\/p>\t\t\t\t\t\t\t\t<\/div>\n\t\t\t\t<\/div>\n\t\t\t\t\t<\/div>\n\t\t\t\t<\/div>\n\t\t\t\t<\/div>","protected":false},"excerpt":{"rendered":"<p>About the Author Stephanie Peipers is the co-founder of World Camps and World Schools. She has been active in the global education and camp industry since 2010, helping families discover high-quality international schools and summer camps worldwide. Stephanie has over a decade of experience advising parents on educational and extracurricular choices for their children, with [&hellip;]<\/p>\n","protected":false},"author":2,"featured_media":0,"parent":0,"menu_order":0,"comment_status":"closed","ping_status":"closed","template":"","meta":{"content-type":"","inline_featured_image":false,"site-sidebar-layout":"no-sidebar","site-content-layout":"page-builder","ast-site-content-layout":"full-width-container","site-content-style":"default","site-sidebar-style":"default","ast-global-header-display":"","ast-banner-title-visibility":"","ast-main-header-display":"","ast-hfb-above-header-display":"","ast-hfb-below-header-display":"","ast-hfb-mobile-header-display":"","site-post-title":"disabled","ast-breadcrumbs-content":"","ast-featured-img":"disabled","footer-sml-layout":"","ast-disable-related-posts":"","theme-transparent-header-meta":"default","adv-header-id-meta":"","stick-header-meta":"","header-above-stick-meta":"","header-main-stick-meta":"","header-below-stick-meta":"","astra-migrate-meta-layouts":"set","ast-page-background-enabled":"default","ast-page-background-meta":{"desktop":{"background-color":"","background-image":"","background-repeat":"repeat","background-position":"center center","background-size":"auto","background-attachment":"scroll","background-type":"","background-media":"","overlay-type":"","overlay-color":"","overlay-opacity":"","overlay-gradient":""},"tablet":{"background-color":"","background-image":"","background-repeat":"repeat","background-position":"center center","background-size":"auto","background-attachment":"scroll","background-type":"","background-media":"","overlay-type":"","overlay-color":"","overlay-opacity":"","overlay-gradient":""},"mobile":{"background-color":"","background-image":"","background-repeat":"repeat","background-position":"center center","background-size":"auto","background-attachment":"scroll","background-type":"","background-media":"","overlay-type":"","overlay-color":"","overlay-opacity":"","overlay-gradient":""}},"ast-content-background-meta":{"desktop":{"background-color":"var(--ast-global-color-5)","background-image":"","background-repeat":"repeat","background-position":"center center","background-size":"auto","background-attachment":"scroll","background-type":"","background-media":"","overlay-type":"","overlay-color":"","overlay-opacity":"","overlay-gradient":""},"tablet":{"background-color":"var(--ast-global-color-5)","background-image":"","background-repeat":"repeat","background-position":"center center","background-size":"auto","background-attachment":"scroll","background-type":"","background-media":"","overlay-type":"","overlay-color":"","overlay-opacity":"","overlay-gradient":""},"mobile":{"background-color":"var(--ast-global-color-5)","background-image":"","background-repeat":"repeat","background-position":"center center","background-size":"auto","background-attachment":"scroll","background-type":"","background-media":"","overlay-type":"","overlay-color":"","overlay-opacity":"","overlay-gradient":""}},"_jf_save_progress":"","footnotes":""},"schema":[],"class_list":["post-583520","page","type-page","status-publish","hentry"],"_links":{"self":[{"href":"https:\/\/world-schools.com\/fr\/wp-json\/wp\/v2\/pages\/583520","targetHints":{"allow":["GET"]}}],"collection":[{"href":"https:\/\/world-schools.com\/fr\/wp-json\/wp\/v2\/pages"}],"about":[{"href":"https:\/\/world-schools.com\/fr\/wp-json\/wp\/v2\/types\/page"}],"author":[{"embeddable":true,"href":"https:\/\/world-schools.com\/fr\/wp-json\/wp\/v2\/users\/2"}],"replies":[{"embeddable":true,"href":"https:\/\/world-schools.com\/fr\/wp-json\/wp\/v2\/comments?post=583520"}],"version-history":[{"count":0,"href":"https:\/\/world-schools.com\/fr\/wp-json\/wp\/v2\/pages\/583520\/revisions"}],"wp:attachment":[{"href":"https:\/\/world-schools.com\/fr\/wp-json\/wp\/v2\/media?parent=583520"}],"wp:term":[{"taxonomy":"schema","embeddable":true,"href":"https:\/\/world-schools.com\/fr\/wp-json\/wp\/v2\/schema?post=583520"}],"curies":[{"name":"wp","href":"https:\/\/api.w.org\/{rel}","templated":true}]}}